{"id":134,"date":"2022-02-17T21:48:08","date_gmt":"2022-02-17T21:48:08","guid":{"rendered":"https:\/\/green-chile.cl\/?page_id=134"},"modified":"2024-04-17T13:26:38","modified_gmt":"2024-04-17T13:26:38","slug":"politica","status":"publish","type":"page","link":"https:\/\/green-chile.cl\/en\/politica\/","title":{"rendered":"Politics"},"content":{"rendered":"<p>[et_pb_section fb_built=\u00bb1&#8243; _builder_version=\u00bb4.16&#8243; _module_preset=\u00bbdefault\u00bb custom_padding=\u00bb13px|||||\u00bb global_colors_info=\u00bb{}\u00bb][et_pb_row _builder_version=\u00bb4.16&#8243; _module_preset=\u00bbdefault\u00bb global_colors_info=\u00bb{}\u00bb][et_pb_column type=\u00bb4_4&#8243; _builder_version=\u00bb4.16&#8243; _module_preset=\u00bbdefault\u00bb global_colors_info=\u00bb{}\u00bb][et_pb_text _builder_version=\u00bb4.16&#8243; _module_preset=\u00bbdefault\u00bb text_font=\u00bbfutura medium||||||||\u00bb header_5_font=\u00bbfutura medium italic|500|||||||\u00bb header_5_text_align=\u00bbright\u00bb header_5_font_size=\u00bb12px\u00bb header_6_font=\u00bbfutura bold||||||||\u00bb header_6_text_align=\u00bbcenter\u00bb text_orientation=\u00bbjustified\u00bb global_colors_info=\u00bb{}\u00bb]<\/p>\n<h5>Versi\u00f3n 07, 02 de Febrero 2024 \/ Cod.POL-01<\/h5>\n<h6><\/h6>\n<h6><\/h6>\n<h6>POL\u00cdTICA DEL SISTEMA DE GESTI\u00d3N INTEGRADO<br \/>CALIDAD, SEGURIDAD &amp; SALUD OCUPACIONAL Y MEDIO AMBIENTE<\/h6>\n<p>Green Tech, empresa dedicada a la: Ingenier\u00eda, Construcci\u00f3n, Mantenci\u00f3n de plantas fotovoltaicas, est\u00e1 comprometida a entregar servicios de calidad, proporcionar a su personal condiciones de trabajo seguras y saludables para prevenir las lesiones y deterioro de la salud relacionado por el trabajo, como as\u00ed tambi\u00e9n la protecci\u00f3n del medio ambiente, incluida la prevenci\u00f3n de la contaminaci\u00f3n y otros compromisos.<\/p>\n<div class=\"page\" title=\"Page 1\">\n<div class=\"layoutArea\">\n<div class=\"column\">\n<p><span>El compromiso de la empresa es cumplir los acuerdos con sus clientes, partes interesadas y requisitos <\/span><\/p>\n<p><span><\/span><\/p>\n<\/div>\n<\/div>\n<\/div>\n<div class=\"page\" title=\"Page 1\">\n<div class=\"layoutArea\">\n<div class=\"column\">\n<p><span>Para lograrlo promovemos la participacio\u0301n activa de nuestro personal en el cumplimiento de los objetivos de esta Poli\u0301tica y otorgamos la mayor importancia a la eficacia y Mejora Continua del Sistema de Gestio\u0301n Integrado. <\/span><\/p>\n<p><span><\/span><\/p>\n<\/div>\n<\/div>\n<\/div>\n<div class=\"page\" title=\"Page 1\">\n<div class=\"layoutArea\">\n<div class=\"column\">\n<p><span>Para estos propo\u0301sitos hemos establecido los siguientes Objetivos: <\/span><\/p>\n<p><span>*Orientacio\u0301n hacia la satisfaccio\u0301n de todos nuestros clientes y partes interesadas, mediante el compromiso de toda la organizacio\u0301n, en el cumplimiento de las necesidades y requisitos acordados. <\/span><\/p>\n<p><span>*Eliminar los peligros y reducir el riesgo de cada proceso, protegiendo la integridad fi\u0301sica y la salud de las personas <\/span><\/p>\n<p><span>*Entregar un servicio de calidad. <\/span><\/p>\n<p><span>*Contar con personal competente, capacitado y debidamente formado. <\/span><\/p>\n<p><span>*Estandarizar la entrega de los proyectos, que aseguren la conformidad de los servicios. <\/span><\/p>\n<p><span>*Gestio\u0301n Ambiental: Proteccio\u0301n del medio ambiente y prevencio\u0301n de la contaminacio\u0301n. <\/span><\/p>\n<p><span>*Promover la consulta y participacio\u0301n de los trabajadores en el sistema de gestio\u0301n de la empresa. <\/span><\/p>\n<p><span>*Cumplir con los compromisos contractuales, legales y otros compromisos voluntarios que la organizacio\u0301n suscriba. <\/span><\/p>\n<p><span>Consecuente con lo mencionado anteriormente, la Gerencia de Green Tech, asume la responsabilidad para ejercer el liderazgo y asi\u0301 exigir a todos los niveles de la empresa su colaboracio\u0301n para la implementacio\u0301n eficaz de la Poli\u0301tica. <\/span><\/p>\n<\/div>\n<\/div>\n<\/div>\n<p>&nbsp;<\/p>\n<p>[\/et_pb_text][\/et_pb_column][\/et_pb_row][\/et_pb_section]<\/p>\n","protected":false},"excerpt":{"rendered":"<p>Versi\u00f3n 07, 02 de Febrero 2024 \/ Cod.POL-01 POL\u00cdTICA DEL SISTEMA DE GESTI\u00d3N INTEGRADOCALIDAD, SEGURIDAD &amp; SALUD OCUPACIONAL Y MEDIO AMBIENTE Green Tech, empresa dedicada a la: Ingenier\u00eda, Construcci\u00f3n, Mantenci\u00f3n de plantas fotovoltaicas, est\u00e1 comprometida a entregar servicios de calidad, proporcionar a su personal condiciones de trabajo seguras y saludables para prevenir las lesiones y [&hellip;]<\/p>\n","protected":false},"author":1,"featured_media":0,"parent":0,"menu_order":0,"comment_status":"closed","ping_status":"closed","template":"","meta":{"_et_pb_use_builder":"on","_et_pb_old_content":"","_et_gb_content_width":"","footnotes":""},"class_list":["post-134","page","type-page","status-publish","hentry"],"_links":{"self":[{"href":"https:\/\/green-chile.cl\/en\/wp-json\/wp\/v2\/pages\/134","targetHints":{"allow":["GET"]}}],"collection":[{"href":"https:\/\/green-chile.cl\/en\/wp-json\/wp\/v2\/pages"}],"about":[{"href":"https:\/\/green-chile.cl\/en\/wp-json\/wp\/v2\/types\/page"}],"author":[{"embeddable":true,"href":"https:\/\/green-chile.cl\/en\/wp-json\/wp\/v2\/users\/1"}],"replies":[{"embeddable":true,"href":"https:\/\/green-chile.cl\/en\/wp-json\/wp\/v2\/comments?post=134"}],"version-history":[{"count":5,"href":"https:\/\/green-chile.cl\/en\/wp-json\/wp\/v2\/pages\/134\/revisions"}],"predecessor-version":[{"id":375,"href":"https:\/\/green-chile.cl\/en\/wp-json\/wp\/v2\/pages\/134\/revisions\/375"}],"wp:attachment":[{"href":"https:\/\/green-chile.cl\/en\/wp-json\/wp\/v2\/media?parent=134"}],"curies":[{"name":"wp","href":"https:\/\/api.w.org\/{rel}","templated":true}]}}